{"id":296,"date":"2017-09-26T08:52:46","date_gmt":"2017-09-26T08:52:46","guid":{"rendered":"http:\/\/ar.fabigenova.it\/wp\/?page_id=296"},"modified":"2017-10-02T08:09:37","modified_gmt":"2017-10-02T08:09:37","slug":"la-storia","status":"publish","type":"page","link":"https:\/\/ar.fabigenova.it\/wp\/?page_id=296","title":{"rendered":"La storia"},"content":{"rendered":"<p style=\"text-align: justify;\"><img decoding=\"async\" loading=\"lazy\" src=\"http:\/\/www.fabi.it\/public\/Immagini\/STORIA(1).jpg\" alt=\"\" width=\"472\" height=\"104\"><\/p>\n<p style=\"text-align: justify;\">La FABI, Federazione Autonoma Bancari Italiani, con i suoi quasi 100mila iscritti e le sue 97 sedi territoriali \u00e8 il sindacato bancario pi\u00f9 rappresentativo in Italia.<\/p>\n<p style=\"text-align: justify;\">Costituitasi a Milano nel 1948, in un periodo storico caratterizzato da forti contrapposizione ideologiche anche nel mondo sindacale, si \u00e8 fin dall\u2019inizio contraddistinta come un\u2019organizzazione aconfessionale e apartitica. Una scelta di libert\u00e0 e autonomia, all\u2019epoca all\u2019avanguardia, che tuttavia non le ha precluso di trarre dalla dottrina sociale della Chiesa cattolica molti motivi d\u2019ispirazione.<\/p>\n<p style=\"text-align: justify;\">La sua \u00e8 una storia antica e prestigiosa: \u00e8 stata, infatti, l\u2019unica sigla a stipulare con l\u2019Assicredito il primo Contratto Collettivo Nazionale di Lavoro per i bancari italiani nel 1949. La FABI, a livello organizzativo, dispone di una struttura composta dal Comitato Direttivo Centrale, con un Presidente, e dalla Segreteria Nazionale. Ben nove i dipartimenti che le consentono di curare pi\u00f9 approfonditamente i diversi aspetti dell\u2019attivit\u00e0 sindacale: Contrattualistica, Organizzazione, Welfare, Salute e Sicurezza, Formazione, Comunicazione &amp; Immagine, Svago e Tempo libero, Ufficio Relazioni internazionali e il Team informatico. Non meno importanti sono i suoi sette coordinamenti, che rappresentano particolari categorie di lavoratori: giovani, donne, pensionati ed esodati, quadri, settori delle Bcc, dell\u2019Abi, e della Riscossione tributi.<\/p>\n<p style=\"text-align: justify;\">Presente nella stragrande maggioranza delle aziende di credito italiane, dall\u2019anno della sua fondazione ad oggi, la FABI ha partecipato a tutte le trattative e alla stipula dei contratti di categoria, delle convenzioni, degli accordi realizzati nel settore del credito sia in campo nazionale con l\u2019Abi (ex Assicredito ed Acri), sia in campo provinciale, regionale e aziendale.<\/p>\n<p style=\"text-align: justify;\">Numerose sono anche le iniziative editoriali e culturali promosse dal sindacato. Oltre a organizzare convegni, incontri, seminari d\u2019approfondimento su temi economici, sociali e del lavoro, la FABI ha anche un proprio think tank: il Centro Studi Sociali \u201cPietro Desiderato\u201d, un vero e proprio cenacolo di esperti, che supportano l\u2019attivit\u00e0 dell\u2019organizzazione con studi e ricerche, dando un contributo al dibattito pubblico sulle argomentazioni di carattere sindacale.<\/p>\n<p style=\"text-align: justify;\">Dall\u2019anno della sua fondazione ad oggi, la Federazione edita inoltre \u201cLa Voce dei Bancari\u201d, mensile che raggiunge le 120mila copie di tiratura e viene inviato non solo agli iscritti, per tenerli informati circa l\u2019attivit\u00e0 del sindacato, ma anche a parlamentari ed amministratori pubblici, nonch\u00e9 a consiglieri d\u2019amministrazione e dirigenti di tutte le banche.<\/p>\n<p style=\"text-align: justify;\">La FABI \u00e8 vicina ai lavoratori anche nella vita di tutti i giorni. Dal 1993 sono, infatti, operativi i CAAF della FABI, che forniscono ai tesserati un servizio gratuito di assistenza fiscale a 360 gradi. Nelle 77 strutture diffuse su tutto il territorio nazionale \u00e8 cos\u00ec possibile ricevere un valido supporto per la compilazione dei modelli 730, ISEE, UNICO e RED.<\/p>\n<p style=\"text-align: justify;\">Giustizia, autonomia, libert\u00e0, democrazia, solidariet\u00e0, etica del lavoro, centralit\u00e0 dell\u2019uomo. Sono questi i valori fondamentali che ispirano la Federazione autonoma bancari, dalla fondazione sino ai giorni nostri.<\/p>\n<p style=\"text-align: justify;\">La visione programmatica del sindacato s\u2019impernia su di un forte investimento nel capitale umano. Questo significa \u2013 soprattutto in un momento di crisi globale come quello che stiamo vivendo &#8211; ridare centralit\u00e0 alla persona, in un\u2019azione di rinnovamento della societ\u00e0, che vede nel sindacato un agente fondamentale. Nel fare ci\u00f2, la FABI s\u2019ispira anche alle parole del Santo Padre, Papa Benedetto XVI che, nell\u2019enciclica \u201cCaritas in Veritate\u201d, ha posto l\u2019attenzione sull\u2019occupazione, sulla qualit\u00e0 del lavoro e sulla dimensione lavorativa, che deve integrarsi con quella famigliare e relazionale.<\/p>\n<p style=\"text-align: justify;\">Attualmente la Federazione, a livello nazionale, non aderisce ad alcuna confederazione di sindacati, a riprova della sua autonomia, mentre in ambito internazionale fa parte di UniGlobal Union, la maggiore associazione mondiale che riunisce tutti i sindacati del terziario.<\/p>\n<p style=\"text-align: justify;\">Dal 1948 ad oggi sono stati ben 115 i Consigli nazionali e 19 i Congressi nazionali, convocati dall\u2019organizzazione per discutere e decidere sulle scelte di politica sindacale e per rinnovare gli organi direttivi.<br \/>\nOtto in tutto i segretari generali che hanno guidato la FABI.<br \/>\nAttualmente \u00e8 in carica Lando Maria Sileoni.<\/p>\n<p><strong>Aggiornato al luglio 2010<\/strong><\/p>\n","protected":false},"excerpt":{"rendered":"<p>La FABI, Federazione Autonoma Bancari Italiani, con i suoi quasi 100mila iscritti e le sue\u2026<\/p>\n<p> <a class=\"continue-reading-link\" href=\"https:\/\/ar.fabigenova.it\/wp\/?page_id=296\"><span>Continua a leggere<\/span><i class=\"crycon-right-dir\"><\/i><\/a> <\/p>\n","protected":false},"author":2,"featured_media":0,"parent":68,"menu_order":1,"comment_status":"closed","ping_status":"closed","template":"","meta":{"ngg_post_thumbnail":0},"_links":{"self":[{"href":"https:\/\/ar.fabigenova.it\/wp\/index.php?rest_route=\/wp\/v2\/pages\/296"}],"collection":[{"href":"https:\/\/ar.fabigenova.it\/wp\/index.php?rest_route=\/wp\/v2\/pages"}],"about":[{"href":"https:\/\/ar.fabigenova.it\/wp\/index.php?rest_route=\/wp\/v2\/types\/page"}],"author":[{"embeddable":true,"href":"https:\/\/ar.fabigenova.it\/wp\/index.php?rest_route=\/wp\/v2\/users\/2"}],"replies":[{"embeddable":true,"href":"https:\/\/ar.fabigenova.it\/wp\/index.php?rest_route=%2Fwp%2Fv2%2Fcomments&post=296"}],"version-history":[{"count":4,"href":"https:\/\/ar.fabigenova.it\/wp\/index.php?rest_route=\/wp\/v2\/pages\/296\/revisions"}],"predecessor-version":[{"id":405,"href":"https:\/\/ar.fabigenova.it\/wp\/index.php?rest_route=\/wp\/v2\/pages\/296\/revisions\/405"}],"up":[{"embeddable":true,"href":"https:\/\/ar.fabigenova.it\/wp\/index.php?rest_route=\/wp\/v2\/pages\/68"}],"wp:attachment":[{"href":"https:\/\/ar.fabigenova.it\/wp\/index.php?rest_route=%2Fwp%2Fv2%2Fmedia&parent=296"}],"curies":[{"name":"wp","href":"https:\/\/api.w.org\/{rel}","templated":true}]}}