{"id":299,"date":"2017-09-26T08:54:17","date_gmt":"2017-09-26T08:54:17","guid":{"rendered":"http:\/\/ar.fabigenova.it\/wp\/?page_id=299"},"modified":"2017-09-26T08:54:17","modified_gmt":"2017-09-26T08:54:17","slug":"mission","status":"publish","type":"page","link":"https:\/\/ar.fabigenova.it\/wp\/?page_id=299","title":{"rendered":"Mission"},"content":{"rendered":"<div style=\"text-align: justify;\"><img decoding=\"async\" loading=\"lazy\" src=\"http:\/\/www.fabi.it\/public\/Immagini\/MISSION(1).jpg\" alt=\"\" width=\"472\" height=\"104\" \/><\/p>\n<p>L\u2019obiettivo della FABI \u00e8 sempre ben saldo: tutelare al meglio i lavoratori bancari, salvaguardandone i diritti, il benessere e il potere d\u2019acquisto.<\/p>\n<\/div>\n<div style=\"text-align: justify;\">Lo facciamo costantemente, valorizzando le specificit\u00e0 di ogni singolo iscritto e rendendoci portavoce delle particolari esigenze di ogni categoria presente nell\u2019ambito bancario, dai dirigenti ai semplici impiegati, dalle donne ai giovani, dai pensionati agli esodati, dai dipendenti stabili ai precari. Senza, tuttavia, alimentare divisioni di sorta.<\/p>\n<\/div>\n<div style=\"text-align: justify;\">Siamo ben consapevoli, infatti, che un reale e duraturo miglioramento delle condizioni di vita e di lavoro si pu\u00f2 ottenere soltanto riportando la persona la centro di tutto, mettendo la solidariet\u00e0 fra le categorie del settore al primo posto, consolidando un patto intergenerazionale, che non lasci nessuno ai margini.<\/p>\n<\/div>\n<div style=\"text-align: justify;\">Autonomia, libert\u00e0, onest\u00e0, passione, impegno senza soste, lungimiranza politica, approccio moderno e pragmatico ai problemi, capacit\u00e0 di leggere in anticipo i cambiamenti per volgerli a favore di coloro che rappresentiamo, per governare la transizione permanente del mondo bancario e finanziario.<\/div>\n<div style=\"text-align: justify;\">Questo \u00e8 tutto ci\u00f2 che, giorno per giorno, mettiamo al servizio dei nostri iscritti, partecipando sempre e prima linea alle trattative sindacali del settore \u2013 nazionali, locali e aziendali &#8211; e restando sempre alla testa della categoria e a fianco di ogni associato.<\/div>\n<div style=\"text-align: justify;\">Per noi, infatti, ogni persona \u00e8 speciale e, quando anche uno solo dei nostri iscritti si trova in difficolt\u00e0, come purtroppo talvolta accade, noi ci mobilitiamo con tutta l\u2019energia possibile e siamo davvero tutti per uno.<\/div>\n<div><\/div>\n","protected":false},"excerpt":{"rendered":"<p>L\u2019obiettivo della FABI \u00e8 sempre ben saldo: tutelare al meglio i lavoratori bancari, salvaguardandone i\u2026<\/p>\n<p> <a class=\"continue-reading-link\" href=\"https:\/\/ar.fabigenova.it\/wp\/?page_id=299\"><span>Continua a leggere<\/span><i class=\"crycon-right-dir\"><\/i><\/a> <\/p>\n","protected":false},"author":2,"featured_media":0,"parent":68,"menu_order":2,"comment_status":"closed","ping_status":"closed","template":"","meta":{"ngg_post_thumbnail":0},"_links":{"self":[{"href":"https:\/\/ar.fabigenova.it\/wp\/index.php?rest_route=\/wp\/v2\/pages\/299"}],"collection":[{"href":"https:\/\/ar.fabigenova.it\/wp\/index.php?rest_route=\/wp\/v2\/pages"}],"about":[{"href":"https:\/\/ar.fabigenova.it\/wp\/index.php?rest_route=\/wp\/v2\/types\/page"}],"author":[{"embeddable":true,"href":"https:\/\/ar.fabigenova.it\/wp\/index.php?rest_route=\/wp\/v2\/users\/2"}],"replies":[{"embeddable":true,"href":"https:\/\/ar.fabigenova.it\/wp\/index.php?rest_route=%2Fwp%2Fv2%2Fcomments&post=299"}],"version-history":[{"count":1,"href":"https:\/\/ar.fabigenova.it\/wp\/index.php?rest_route=\/wp\/v2\/pages\/299\/revisions"}],"predecessor-version":[{"id":300,"href":"https:\/\/ar.fabigenova.it\/wp\/index.php?rest_route=\/wp\/v2\/pages\/299\/revisions\/300"}],"up":[{"embeddable":true,"href":"https:\/\/ar.fabigenova.it\/wp\/index.php?rest_route=\/wp\/v2\/pages\/68"}],"wp:attachment":[{"href":"https:\/\/ar.fabigenova.it\/wp\/index.php?rest_route=%2Fwp%2Fv2%2Fmedia&parent=299"}],"curies":[{"name":"wp","href":"https:\/\/api.w.org\/{rel}","templated":true}]}}