{"id":684,"date":"2018-10-31T13:50:40","date_gmt":"2018-10-31T12:50:40","guid":{"rendered":"http:\/\/ar.fabigenova.it\/wp\/?page_id=684"},"modified":"2021-06-30T11:11:25","modified_gmt":"2021-06-30T10:11:25","slug":"servizi-caaf","status":"publish","type":"page","link":"https:\/\/ar.fabigenova.it\/wp\/?page_id=684","title":{"rendered":"Servizi CAAF"},"content":{"rendered":"\n<h1>I servizi offerti da CAAF FABI srl &#8211; Sede Territoriale di Genova<\/h1>\n<h2>Modello 730<\/h2>\n<p>Il 730 \u00e8 un modello semplificato di dichiarazione dei redditi.<\/p>\n<p>I requisiti riguardano sia le tipologie di soggetti che possono presentare il modello 730, sia le tipologie di reddito da dichiarare.&nbsp;<\/p>\n<p>Requisito essenziale resta, comunque, la presenza di un sostituto d&#8217;imposta nei mesi di luglio-agosto: i conguagli fiscali avvengono direttamente in busta paga\/pensione, senza la necessit\u00e0 di attendere i rimborsi da parte dell&#8217;Agenzia delle Entrate (in questo caso spesso sono necessari alcuni anni di attesa) e senza dover provvedere a versare le imposte a titolo di saldo\/acconto tramite deleghe di pagamento F24.&nbsp;<a href=\"https:\/\/ar.fabigenova.it\/wp\/wp-content\/DocumentiCaf\/730_2020_mod.pdf\" target=\"_blank\" rel=\"noopener noreferrer\">Fai click qui per il modello 730\/2020 redditi 2019<\/a><\/p>\n<h3>Chi pu\u00f2 utilizzare il modello 730?<\/h3>\n<p>Il 730 pu\u00f2 essere presentato dai lavoratori dipendenti, dai pensionati, dai percettori di indennit\u00e0 sostitutive di reddito di lavoro dipendente, dai soci di alcune tipologie di cooperative, dai sacerdoti, dai giudici costituzionali e dai&nbsp;titolari di cariche pubbliche elettive, dai soggetti impegnati in lavori socialmente utili, dal personale della scuola con contratto a tempo determinato (se&nbsp;il contratto dura almeno da settembre a luglio), dai titolari di rapporti di collaborazione coordinata e continuativa,&nbsp;dai produttori agricoli esonerati dalla presentazione dei modelli 770-IVA-IRAP.<\/p>\n<h3>Che redditi si possono dichiarare con il modello 730?<\/h3>\n<p>Il modello 730 pu\u00f2 essere utilizzato per dichiarare i seguenti redditi (posseduti nell&#8217;anno d&#8217;imposta di riferimento): di lavoro dipendente e\/o assimilati, fondiari (terreni e fabbricati), da pensione, di lavoro autonomo non soggetti ad IVA, alcuni redditi diversi e\/o assoggettabili a tassazione separata, redditi da locazioni anche di breve periodo.<\/p>\n<p>A decorrere dal 2020 si pu\u00f2 utilizzare il modello 730 anche nel caso di dichiarazione dei redditi per conto di un parente deceduto.<\/p>\n<p>Per i pensionati il Caaf Fabi pu\u00f2 svolgere il servizio di produzione della CU Inps dell&#8217;anno di riferimento per la dichiarazione dei redditi previa compilazione della relativa <a href=\"https:\/\/ar.fabigenova.it\/wp\/wp-content\/DocumentiCaf\/Delega CU in bianco.pdf\" target=\"_blank\" rel=\"noopener noreferrer\" data-wplink-url-error=\"true\">delega CU Inps.<\/a><\/p>\n<h3>Sostituto d&#8217;imposta<\/h3>\n<p>I soggetti che presentano il modello 730 devono comunicare&nbsp;a CAAF FABI i dati del loro sostituto d&#8217;imposta (mese di luglio e\/o agosto): infatti i rimborsi\/debiti&nbsp;derivanti dal modello 730 sono restituiti\/trattenuti direttamente dal sostituto d\u2019imposta con la retribuzione di luglio (o, in caso di pensione, a partire dal mese di agosto). Sar\u00e0 CAAF FABI a comunicare gli importi a credito\/debito ai sostituti d&#8217;imposta, senza alcun ulteriore adempimento a carico del contribuente.<\/p>\n<h3>Perch\u00e8 presentare il modello 730?<\/h3>\n<p>Il modello 730 \u00e8 molto semplice da compilare, infatti prevede la sola indicazione dei redditi posseduti, degli oneri deducibili\/detraibili, gli eventuali crediti d&#8217;imposta, acconti o eccedenze. Non \u00e8 necessario effettuare alcun calcolo (a differenza del modello Unico): sar\u00e0 CAAF FABI a provvedere a riguardo ed a restituire le risultanze della dichiarazione dei redditi.<\/p>\n<p>CAAF FABI, in ottemperanza agli obblighi di legge, deve verificare la conformit\u00e0 dei dati esposti nella dichiarazione (c.d. &#8220;Visto di Conformit\u00e0&#8221;). Questo obbligo si esplicita nel controllo della documentazione esibita dai contribuenti: le ritenute fiscali derivanti dalle certificazioni dei Sostituti (es: CUD), scontrini\/fatture\/quietanze ed altri documenti richiesti dalla normativa fiscale comprovanti gli oneri, ricevute dei versamenti d&#8217;imposta versati direttamente dal contribuente (es: modello F24). Questo porta ad un duplice vantaggio per il contribuente: minore possibilit\u00e0 di errore e minori controlli da parte dell&#8217;Amministrazione Finanziaria.<\/p>\n<p>N.B.: Per accedere al servizio di compilazione della dichiarazione dei redditi tramite modello 730 offerto gratuitamente ai propri iscritti, occorre preliminarmente contattare il Caaf Fabi Genova e conferire la relativa <a href=\"https:\/\/ar.fabigenova.it\/wp\/wp-content\/DocumentiCaf\/Delega precompilato in bianco.pdf\" target=\"_blank\" rel=\"noopener noreferrer\" data-wplink-url-error=\"true\">delega<\/a>, unitamente alla copia di un documento di identit\u00e0 valido.<\/p>\n<h2>Modello UNICO PF<\/h2>\n<p>Il modello di dichiarazione dei redditi UNICO PF, a differenza del mod. 730, \u00e8 un modello pi\u00f9 complesso e&nbsp;pu\u00f2 essere utilizzato da tutti i contribuenti e&nbsp;per&nbsp;tutte le tipologie di reddito. In alcuni casi la presentazione del modello Unico non \u00e8 un alternativa al modello 730, bens\u00ec un obbligo: ad esempio se si devono dichiarare investimenti all&#8217;estero e per presentare la dichiarazione dei redditi per contribuenti deceduti.<\/p>\n<p>Il risultato a&nbsp;<strong>credito<\/strong>&nbsp;potr\u00e0 essere chiesto a rimborso (lo stesso avviene, da parte dell&#8217;Amministrazione Finanziaria, entro qualche anno) oppure utilizzato in compensazione (per il pagamento di altre imposte con F24 o per essere riportato nelle successive dichiarazioni). Nel caso di&nbsp;<strong>debito<\/strong>&nbsp;d&#8217;imposta, a titolo di acconto o saldo, il contribuente dovr\u00e0 provvedere ai pagamenti autonomamente tramite il modello di versamento unificato F24.<\/p>\n<p>Alcune delle societ\u00e0 convenzionate con CAAF FABI forniscono assistenza nella compilazione del modello UNICO PF. CAAF FABI riveste il solo ruolo di intermediario, inviando telematicamente il modello UNICO PF all&#8217;Amministrazione Finanziaria e&nbsp;rilasciando al contribuente la ricevuta&nbsp;telematica a conferma dell&#8217;invio&nbsp;del modello.<\/p>\n<h2>Modello ISE\/ISEE\/ISEEU<\/h2>\n<p>Per la richiesta di prestazioni assistenziali legate al reddito o di servizi di pubblica utilit\u00e0 \u00e8 prevista la valutazione della situazione economica del richiedente, con riferimento al suo nucleo familiare: a tal fine sono calcolati due indici: l&#8217;<strong>ISE<\/strong>(indicatore della situazione economica) e l&#8217;<strong>ISEE&nbsp;<\/strong>(indicatore della situazione economica equivalente).<\/p>\n<p>Per ottenere il calcolo dell&#8217;ISE e dell&#8217;ISEE \u00e8 necessario presentare una dichiarazione denominata Dichiarazione Sostitutiva Unica, DSU, che contiene informazioni sui redditi e sul patrimonio (posseduto al 31 dicembre dell&#8217;anno precedente&nbsp;quello della presentazione) del nucleo familiare di riferimento: l&#8217;ISE \u00e8 determinato dalla somma dei redditi e del venti per cento del patrimonio,&nbsp;l&#8217;ISEE scaturisce invece dal rapporto tra l&#8217;ISE e il parametro desunto dalla scala di equivalenza.<\/p>\n<p>La DSU ha validit\u00e0 annuale e pu\u00f2 essere presentata in qualunque momento dell&#8217;anno, ma, se non contiene i dati sulla situazione reddituale relativa all&#8217;anno solare precedente quello della presentazione, l&#8217;Ente erogatore ha facolt\u00e0 di richiedere una dichiarazione aggiornata. La DSU, nel periodo di validit\u00e0, pu\u00f2 essere utilizzata da parte di ogni componente del nucleo per l&#8217;accesso alle prestazioni sociali agevolate (NB:&nbsp;il nucleo di riferimento ai fini Isee non sempre coincide con quello anagrafico).<\/p>\n<p>Il cittadino presenta la DSU direttamente a CAAF FABI, mentre (in via generale) la domanda per ottenere le prestazioni sociali agevolate deve essere presentata direttamente all&#8217;Ente erogatore. La prestazione di CAAF FABI \u00e8 totalmente gratuita per il cittadino che la richiede.<\/p>\n<p>Esempio di prestazioni erogate sulla base dell&#8217;ISEE:<\/p>\n<ul>\n<li>Erogazione borse di studio e\/o prestazioni del diritto allo studio universitario<\/li>\n<li>Agevolazione per il canone telefonico<\/li>\n<li>Bonus Elettrico&nbsp;e&nbsp;Bonus Gas<\/li>\n<li>Contributi per canoni di locazione<\/li>\n<li>Tariffe asili nido<\/li>\n<li>Servizi socio sanitari<\/li>\n<li>Social Card<\/li>\n<\/ul>\n<p>L&#8217;<em><strong>ISEEU<\/strong><\/em> \u00e8 un indicatore richiesto dalla maggior parte degli Atenei Universitari (che possono anche prevedere alcune modifiche alla normativa Iseeu nazionale, ad esempio requisiti pi\u00f9 o meno restrittivi nel calcolo dei redditi\/patrimoni del nucleo).<\/p>\n<p>La normativa ISEEU prevede che il reddito ed il patrimonio dei fratelli e delle sorelle dello studente (se appartenenti al suo nucleo familiare) concorrano nella misura del 50%, inoltre vengono calcolati anche i redditi e patrimoni posseduti all&#8217;estero.<\/p>\n<p>Ai fini Iseeu lo studente pu\u00f2 formare nucleo a se&#8217; stante (dunque non integrato con quello della famiglia d&#8217;origine) solo se ricorrono contemporanteamente due requisiti: residenza esterna all&#8217;unit\u00e0 abitativa della famiglia di origine da almeno due anni rispetto alla data di presentazione della domanda&nbsp;(in alloggio non di propriet\u00e0 di un suo membro) e possesso di redditi da lavoro dipendente o assimilati, da almeno due anni, non inferiori a 6.500 euro. Nel caso in cui questi requisiti non siano rispettati lo studente dovr\u00e0 sempre indicare anche i redditi e patrimoni del nucleo d&#8217;origine, che \u00e8 considerato sostenere l&#8217;onere di mantenimento&nbsp;(normalmente si tratta del nucleo dei genitori).<\/p>\n<h2>Successioni<\/h2>\n<p>Il Caaf Fabi assiste nella compilazione della Dichiarazione di Successione per coloro che hanno ereditato beni immobili e\/o mobili.<br>La Dichiarazione di Successione deve essere presentata dagli eredi entro 12 mesi dalla data del decesso, quando gli stessi ereditano &#8211; per legge o testamento &#8211; beni immobili e\/o mobili.<br>Per questo servizio \u00e8 dovuto il pagamento del corrispettivo indicato nel tariffario approvato ed esposto, con tariffe differenziate e agevolate per gli iscritti FABI.<\/p>\n<p><a href=\"https:\/\/ar.fabigenova.it\/wp\/?page_id=967\">Qui troverai un&#8217;elenco dei documenti da presentare al Caaf.<\/a><\/p>\n<h2>Modello RED<\/h2>\n<p>Il RED \u00e8 un modello per comunicare a Inps, Inpdap e\/o Ipost alcuni dati reddituali che influiscono sulla prestazione previdenziale o assistenziale, al fine di consentire a questi enti di verificare se la prestazione debba essere ricalcolata.<br>In linea generale, il modello RED viene inviato a determinate categorie di pensionati, ad esempio quelli con pensioni integrate al minimo, con maggiorazione\/assegno sociale, con trattamento di famiglia.<\/p>\n<p>Il pensionato che riceve la lettera dell&#8217;ente deve consegnarla presso una delle sedi territoriali di CAAF FABI, che assister\u00e0 gratuitamente il cittadino e verificher\u00e0 quali dati vanno comunicati.&nbsp;Al termine della predisposizione della modulistica necessaria il CAAF provveder\u00e0 a stampare ed a consegnare al pensionato il modello RED, trasmettendolo poi in via telematica ad Inps.<\/p>\n<h2>Altri servizi<\/h2>\n<p>Ulteriori specifici servizi potranno essere forniti dalle nostre sedi locali; ad esempio calcolo&nbsp;<span style=\"font-size: 14pt;\"><strong>IMU, CONTRATTI COLF E BADANTI<\/strong><\/span>.<\/p>\n<p style=\"text-align: center;\"><a href=\"https:\/\/ar.fabigenova.it\/wp\/wp-content\/DocumentiCaf\/Mini%20Guida%20Cassetto%20Fiscale%20App.pdf\" target=\"_blank\" rel=\"noopener noreferrer\">Qui puoi trovare una miniguida al cassetto fiscale e alla corrispondente App per smartphone<\/a><\/p>\n<h3 style=\"text-align: center;\"><a href=\"http:\/\/www.caaffabi.it\/index.php\"><span style=\"color: #000080;\">VAI SU CAAF FABI PER SAPERNE DI PIU&#8217;<\/span><\/a><\/h3>\n<h4 style=\"text-align: center;\"><a href=\"https:\/\/ar.fabigenova.it\/wp\/?page_id=1756\">MODULI IN BIANCO UTILI PER I SERVIZI FISCALI<\/a><\/h4>\n\n\n","protected":false},"excerpt":{"rendered":"<p>I servizi offerti da CAAF FABI srl &#8211; Sede Territoriale di Genova Modello 730 Il\u2026<\/p>\n<p> <a class=\"continue-reading-link\" href=\"https:\/\/ar.fabigenova.it\/wp\/?page_id=684\"><span>Continua a leggere<\/span><i class=\"crycon-right-dir\"><\/i><\/a> <\/p>\n","protected":false},"author":2,"featured_media":0,"parent":1267,"menu_order":0,"comment_status":"closed","ping_status":"closed","template":"","meta":{"ngg_post_thumbnail":0},"_links":{"self":[{"href":"https:\/\/ar.fabigenova.it\/wp\/index.php?rest_route=\/wp\/v2\/pages\/684"}],"collection":[{"href":"https:\/\/ar.fabigenova.it\/wp\/index.php?rest_route=\/wp\/v2\/pages"}],"about":[{"href":"https:\/\/ar.fabigenova.it\/wp\/index.php?rest_route=\/wp\/v2\/types\/page"}],"author":[{"embeddable":true,"href":"https:\/\/ar.fabigenova.it\/wp\/index.php?rest_route=\/wp\/v2\/users\/2"}],"replies":[{"embeddable":true,"href":"https:\/\/ar.fabigenova.it\/wp\/index.php?rest_route=%2Fwp%2Fv2%2Fcomments&post=684"}],"version-history":[{"count":23,"href":"https:\/\/ar.fabigenova.it\/wp\/index.php?rest_route=\/wp\/v2\/pages\/684\/revisions"}],"predecessor-version":[{"id":2413,"href":"https:\/\/ar.fabigenova.it\/wp\/index.php?rest_route=\/wp\/v2\/pages\/684\/revisions\/2413"}],"up":[{"embeddable":true,"href":"https:\/\/ar.fabigenova.it\/wp\/index.php?rest_route=\/wp\/v2\/pages\/1267"}],"wp:attachment":[{"href":"https:\/\/ar.fabigenova.it\/wp\/index.php?rest_route=%2Fwp%2Fv2%2Fmedia&parent=684"}],"curies":[{"name":"wp","href":"https:\/\/api.w.org\/{rel}","templated":true}]}}