{"id":722,"date":"2019-03-12T14:40:18","date_gmt":"2019-03-12T13:40:18","guid":{"rendered":"http:\/\/ar.fabigenova.it\/wp\/?page_id=722"},"modified":"2019-03-12T15:35:44","modified_gmt":"2019-03-12T14:35:44","slug":"privacy-policy","status":"publish","type":"page","link":"https:\/\/ar.fabigenova.it\/wp\/?page_id=722","title":{"rendered":"PRIVACY POLICY"},"content":{"rendered":"<p>INFORMATIVA PRIVACY E COOKIE POLICY SITO WEB FABI GENOVA AI SENSI DEL D.LGS. n.101\/2018, DEL REGOLAMENTO (UE) 679\/2016 DEL PARLAMENTO EUROPEO E DEL CONSIGLIO DEL 27 APRILE 2016 E DEL D.LGS. n.196\/2003<\/p>\n<p>&nbsp;<\/p>\n<p><strong>TITOLARE DEL TRATTAMENTO E RESPONSABILE PROTEZIONE DEI DATI<\/strong><\/p>\n<p>Come previsto D.Lgs. n.101\/2018, dal Regolamento (UE) 679\/2016 del Parlamento europeo e del Consiglio del 27 aprile 2016 (\u201cRegolamento generale sulla protezione dei dati\u201d o \u201cGDPR\u201d) e del D.Lgs. n.196\/2003 (\u201cCodice in materia di protezione dei dati personali\u201d), recanti norme relative alla protezione delle persone fisiche con riguardo al trattamento dei dati personali, nonch\u00e9 norme relative alla libera circolazione di tali dati, il Sindacato FABI, SAB di Genova (di seguito, FABI Genova), con sede in Via Carducci 5\/5 scala destra, 16121 Genova, nella sua qualit\u00e0 di Titolare del trattamento dei dati personali , Ti fornisce con la presente alcune informazioni riguardanti l\u2019utilizzo dei Tuoi dati personali.<\/p>\n<p>Il Responsabile per la Protezione dei dati (Data Protection Officer \u2013 DPO) \u00e8 raggiungibile e-mail: dpo@fabigenova.it.<\/p>\n<p><strong>1. CATEGORIE DI DATI PERSONALI TRATTATI E FONTE DEI DATI PERSONALI<\/strong><\/p>\n<p>QUALI TIPI DI DATI RACCOGLIAMO E DA QUALI FONTI?<\/p>\n<p>Per offrirti i servizi e le convenzioni, anche tramite i propri siti internet, FABI Genova , in qualit\u00e0 di Titolare del trattamento, deve trattare alcuni dati personali necessari per l&#8217;erogazione di servizi e convenzioni.<br \/>\nQuesti dati possono essere forniti implicitamente dagli strumenti che utilizzi per accedere e fruire dei servizi e convenzioni o possono essere forniti in modo esplicito da te.<br \/>\nFABI Genova potr\u00e0 trattare le seguenti categorie di dati personali degli utenti:<br \/>\na) dati tecnici di navigazione relativi all&#8217;indirizzo IP, ai codici identificativi dei dispositivi utilizzati dall&#8217;utente per la fruizione del sito o di servizi e convenzioni, alle caratteristiche del browser e agli orari di accesso;<br \/>\nb) dati comuni identificativi forniti dall&#8217;utente (es. nome, cognome, email, numero di telefono, ecc.) per la fruizione di servizi e convenzioni ;<br \/>\nAi sensi del GDPR l\u2019espressione \u201cdato personale\u201d si riferisce a qualsiasi informazione riguardante una persona fisica identificata o identificabile; si considera identificabile la persona fisica che pu\u00f2 essere identificata, direttamente o indirettamente, con particolare riferimento a un identificativo come il nome, un numero di identificazione, dati relativi all&#8217;ubicazione, un identificativo online o a uno o pi\u00f9 elementi caratteristici della sua identit\u00e0 fisica, fisiologica, genetica, psichica, economica, culturale o sociale.<br \/>\nI dati personali in possesso di FABI Genova sono raccolti direttamente dall&#8217;iscritto, al momento dell\u2019iscrizione, e\/o dal richiedente servizio, convenzione o prodotto, al momento della richiesta di un servizio o convenzione. E\u2019 peraltro possibile che alcuni dati personali vengano raccolti presso terzi, come accade per esempio in occasione di operazioni disposte nei confronti dell\u2019iscritto o del richiedente servizio convenzione da parte di altri soggetti con i quali l\u2019iscritto o richiedente servizio o convenzione abbia intrattenuto o intrattenga rapporti; si tratta di dati che rientrano nelle categorie dei dati identificativi (nome, cognome, indirizzo), relativi alla situazione lavorativa.<br \/>\nE\u2019 pertanto possibile che, in ragione dell\u2019iscrizione a FABI Genova o in relazione a specifici servizi, convenzioni richiesti dall&#8217;iscritto o richiedente servizio o convenzione nonch\u00e9 in relazione a operazioni disposte da terzi in favore dell\u2019iscritto o richiedente servizio o convenzione, FABI Genova venga in possesso di dati rientranti in categorie particolari di dati personali (i cosiddetti dati \u201cparticolari\u201d), ossia dati dai quali possano desumersi informazioni riguardanti l\u2019appartenenza sindacale, le convinzioni religiose, politiche, l\u2019origine etnica, ecc. dell\u2019interessato o il suo stato di salute.<br \/>\nOvviamente, FABI Genova utilizzer\u00e0 tali dati \u201cparticolari\u201d strettamente ed esclusivamente nella misura indispensabile per poter eseguire o erogare i servizi, le convenzioni e le operazioni del caso.<br \/>\nCome richiesto dalla legge, Tu hai la facolt\u00e0 di esprimere il Tuo specifico consenso al trattamento da parte di FABI Genova dei Tuoi dati particolari che dovessero essere eventualmente acquisiti \u2013 nei termini che troverai in apposito modulo di consenso e sul sito web &#8211; e di revocare il consenso in qualsiasi momento.<br \/>\nDal momento che il trattamento trova base giuridica esclusiva nel consenso da Te prestato, Tu hai sempre la facolt\u00e0 di revocare il consenso in qualsiasi momento.<\/p>\n<p><strong>2. FINALIT\u00c0 E BASI GIURIDICHE DEL TRATTAMENTO<\/strong><\/p>\n<p>PERCH\u00c9 USIAMO QUESTI DATI?<\/p>\n<p>&nbsp;<\/p>\n<p>I dati e i cookies da te ricevuti saranno trattati da FABI Genova esclusivamente con modalit\u00e0 e procedure necessarie per fornirti i servizi e le convenzioni richiesti e per le finalit\u00e0 ulteriori per le quali hai espresso il consenso.<\/p>\n<p>Solo con il tuo espresso consenso i dati potranno essere utilizzati per effettuare attivit\u00e0 promozionali tramite i social media e invio di informazioni su servizi, convenzioni e su iniziative promozionali di FABI Genova. (Finalit\u00e0 di marketing diretto).<\/p>\n<p>Sempre con il tuo consenso i dati potranno essere utilizzati per finalit\u00e0 di profilazione condotta automaticamente raccogliendo informazioni sulla navigazione che fai durante l\u2019accesso e la fruizione di servizi, convenzioni e prodotti e, mediante algoritmi di correlazione statistica, le legano alle medesime informazioni provenienti da altri utenti per individuare i tratti comuni e raggruppare quelle simili all&#8217;interno di classi di interesse. Mediante l\u2019assegnazione del tuo browser ad una classe di interesse, i nostri sistemi saranno successivamente in grado di offrirti contenuti che sono pi\u00f9 vicini ai tuoi gusti e presenteranno contributi pubblicitari che meglio incontrano le tue esigenze e meglio indirizzano gli interessi degli inserzionisti riducendo il livello di disturbo alla fruizione.<br \/>\nFABI Genova potr\u00e0 utilizzare i dati di profilazione per aggregare profili di marketing, per la gestione della relazione con investitori pubblicitari e migliorarne le campagne, per inferire schemi di utilizzo dei nostri servizi, convenzioni e prodotti e per coadiuvare nello sviluppo delle strategie digitali (Finalit\u00e0 di profilazione).<\/p>\n<p>Infine, con il tuo consenso esplicito, i tuoi dati potranno essere forniti ad Aziende operanti nei settori bancario, finanziari, legale,assicurativo, fiscale, immobiliare, di sorveglianza,di sicurezza, tecnici, informatici, hosting provider, archiviazione, comunicazione le quali potranno contattarti come Titolari di autonome iniziative &#8211; l&#8217;elenco aggiornato \u00e8 a tua disposizione e pu\u00f2 essere richiesto al Responsabile del trattamento all&#8217;indirizzo sotto riportato &#8211; per analisi statistiche, indagini di mercato e invio di informazioni commerciali su servizi, prodotti e iniziative promozionali. (Finalit\u00e0 di marketing da parte di soggetti terzi).<\/p>\n<p>Le comunicazioni per informazioni commerciali sui servizi, le convenzioni e sulle iniziative promozionali potranno essere effettuate mediante mailing postale, posta elettronica, telemarketing, social, sms, mms.<\/p>\n<p>Le basi giuridiche delle finalit\u00e0 precedentemente descritte sono l\u2019esecuzione di una tua richiesta quale interessato e i consensi da te espressi.<\/p>\n<p>FABI Genova tratta i dati personali dell\u2019iscritto o richiedente servizio o convenzione entro i limiti dello svolgimento della propria normale attivit\u00e0 e con le seguenti finalit\u00e0:<br \/>\na) rispetto degli obblighi previsti da leggi, da regolamenti e dalla normativa comunitaria, nonch\u00e9 da disposizioni impartite da autorit\u00e0 a ci\u00f2 legittimate dalla legge;<br \/>\nb) adempimenti strettamente connessi e strumentali alla gestione dei rapporti con l\u2019iscritto o richiedente servizio o convenzione (es. acquisizione di informazioni preliminari alla esecuzione o erogazione di servizi, convenzioni , esecuzione di operazioni sulla base degli obblighi derivanti dall&#8217;iscrizione o dal servizio o convenzione richiesto, ecc.);<br \/>\nUn eventuale tuo rifiuto di comunicare i dati necessari per le finalit\u00e0 di cui ai punti a) e b), determiner\u00e0 per FABI Genova ,suo malgrado, l\u2019impossibilit\u00e0 di dar corso al servizio o alle operazioni richieste che presuppongano questi dati;<br \/>\nc) finalit\u00e0 funzionali all&#8217;attivit\u00e0 di FABI di Genova per le quali FABI Genova \u00e8 titolare di legittimo interesse al loro perseguimento attraverso il trattamento:<br \/>\n1) rilevazione \u2013 eseguita direttamente &#8211; del grado di soddisfazione sulla qualit\u00e0 dei servizi resi e sull&#8217;attivit\u00e0 svolta da FABI Genova;<br \/>\n2) promozione di servizi e convenzioni di FABI Genova o di societ\u00e0 terze (c.d. marketing diretto) effettuate attraverso lettere, telefono (c.d. modalit\u00e0 di comunicazione tradizionali).<br \/>\nIl legittimo interesse al trattamento per le finalit\u00e0 elencate si sostanzia nell&#8217;interesse di FABI Genova a sviluppare la relazione con i propri iscritti o richiedenti servizi e convenzioni per soddisfarne le esigenze e, al contempo, rendere remunerativa la relazione stessa; a tal fine FABI Genova svolge iniziative di marketing diretto verso i propri iscritti o richiedenti servizi e convenzioni per proporre servizi e convenzioni, propri o di terzi, sempre nell&#8217;ambito delle regole di Trasparenza, astenendosi dal proporre servizi, convenzioni o prodotti manifestamente inadatti alle esigenze dei propri iscritti o richiedenti servizi convenzioni.<br \/>\nd) finalit\u00e0 funzionali all&#8217;attivit\u00e0 di FABI Genova per le quali l\u2019interessato ha facolt\u00e0 di manifestare o no il consenso e, in particolare:<br \/>\ni. promozione di servizi e convenzioni di FABI Genova o di societ\u00e0 terze (c.d. marketing diretto) effettuate attraverso sistemi automatizzati di comunicazione quali e-mail, SMS, ecc. (c.d. modalit\u00e0 di comunicazione automatizzate).<br \/>\nPer finalit\u00e0 di sicurezza, propria, dei propri collaboratori, dipendenti, degli iscritti e dei richiedenti servizi, convenzioni , FABI Genova effettua il trattamento dei dati personali dei propri iscritti o richiedenti servizi, convenzioni o prodotti anche attraverso impianti di videosorveglianza: l\u2019informativa relativa a questa tipologie di trattamento \u00e8 disponibile presso i locali dove gli impianti sono installati.<\/p>\n<p><strong>3. MODALIT\u00c0 DI TRATTAMENTO DEI DATI<\/strong><\/p>\n<p>COME USIAMO QUESTI DATI?<\/p>\n<p>In primo luogo Ti assicuriamo che i dati degli iscritti o richiedenti servizi e convenzioni a FABI Genova sono trattati nel rispetto degli obblighi di riservatezza cui si \u00e8 sempre ispirata l\u2019attivit\u00e0 di FABI Genova, oltre che nell&#8217;osservanza del D. Lgs., del Regolamento e del Codice.<br \/>\nCi\u00f2 premesso, precisiamo che il trattamento dei dati personali viene effettuato da FABI Genova, secondo i casi, mediante strumenti manuali, informatici e telematici, ma comunque sempre con modalit\u00e0 idonee e adeguate a garantire la sicurezza e la riservatezza dei dati stessi, e con logiche strettamente correlate alle sopra indicate finalit\u00e0.<\/p>\n<p><strong>4. RESPONSABILI E INCARICATI<\/strong><\/p>\n<p>CHI GESTISCE I DATI?<\/p>\n<p>Per il trattamento dei dati personali degli iscritti e richiedenti servizi e convenzioni , FABI Genova si avvale di Responsabili e Incaricati.<br \/>\nIl Regolamento (UE) 679\/2016 definisce Responsabile la persona fisica o giuridica, l\u2019autorit\u00e0 pubblica, il servizio o altro organismo che tratta dati personali per conto del titolare del trattamento.<br \/>\nIl Titolare e i Responsabili, inoltre, per garantire un monitoraggio regolare delle attivit\u00e0 principali e una migliore osservanza delle norme in materia di privacy, possono individuare inoltre una figura come Responsabile della Protezione dei dati (DPO), distinta per qualit\u00e0 professionali, in particolare in materia di protezione dei dati, e tenuta alla riservatezza.<br \/>\nTu potrai trovare l\u2019indicazione dei soggetti che FABI Genova ha nominato Responsabili del trattamento e Responsabile della Protezione dei dati in un apposito prospetto consultabile, a richiesta, presso la Sede del Sindacato FABI, SAB di Genova, via Carducci 5\/5 scala destra, 16121 Genova.<br \/>\nGli Incaricati del trattamento dei dati sono le persone fisiche autorizzate a compiere operazioni di trattamento dal Titolare o dal Responsabile e in tal senso da questi istruite.<br \/>\nAl riguardo, Ti precisiamo che FABI Genova ha incaricato del trattamento dei dati degli iscritti e dei richiedenti servizi e convenzioni i propri dirigenti sindacali, collaboratori e dipendenti, in relazione alle mansioni di competenza.<br \/>\nFABI Genova pu\u00f2 nominare incaricati anche persone differenti dai propri dirigenti sindacali, collaboratori e dipendenti, in base a specifiche esigenze.<br \/>\nGli incaricati sono quindi destinatari (non terzi) dei dati personali.<br \/>\nI soggetti esterni indicati come Responsabili da parte di FABI Genova nominano incaricati del trattamento dei dati i propri dipendenti, in relazione ai compiti di loro competenza.<\/p>\n<p><strong>5. DESTINATARI TERZI DEI DATI PERSONALI DEGLI ISCRITTI E DEI RICHIEDENTI SERVIZI O CONVENZIONI<\/strong><\/p>\n<p>COME VENGONO CONDIVISI QUESTI DATI?<\/p>\n<p>L\u2019attivit\u00e0 di FABI Genova, nell&#8217;ambito delle finalit\u00e0 perseguite nel trattamento dei dati degli iscritti e dei richiedenti servizi o convenzioni, richiede l\u2019effettuazione delle seguenti tipologie di comunicazione dei dati medesimi:<br \/>\na) comunicazioni obbligatorie<br \/>\nRientrano in questa categoria le comunicazioni che FABI Genova \u00e8 tenuta ad effettuare nel rispetto di normative aventi valore di Legge, di previsione contrattuale di categoria lavorativa (ad esempio a ABI o alla tua Azienda) o di disposizioni impartite da qualche Autorit\u00e0;<br \/>\nb) comunicazioni strettamente connesse e strumentali ai rapporti con gli iscritti e i richiedenti servizi, convenzioni.<br \/>\nFABI Genova, nello svolgimento della sua attivit\u00e0, pu\u00f2 avere la necessit\u00e0 di avvalersi della collaborazione di societ\u00e0 esterne. In linea di massima, ci\u00f2 avviene per:<br \/>\n1) l\u2019esecuzione o erogazione di servizi e convenzioni e la gestione di servizi e convenzioni;<br \/>\n2) l\u2019effettuazione di lavorazioni necessarie per l\u2019esecuzione delle disposizioni ricevute dagli iscritti o richiedenti servizi e convenzioni;<br \/>\n3) il controllo della sicurezza.<br \/>\nInoltre, nelle ipotesi in cui FABI Genova agisca come intermediario nella esecuzione o erogazione di servizi e convenzioni per conto di altri soggetti, si rende necessario comunicare a questi ultimi i dati degli iscritti o dei richiedenti servizi e convenzioni, al fine di consentire loro di dare esecuzione al contratto sottoscritto con gli interessati.<br \/>\nConseguentemente, FABI Genova pu\u00f2 comunicare i dati personali degli iscritti o dei richiedenti servizi, convenzioni e prodotti, sempre nei limiti resi necessari dal tipo di servizio o convenzione di volta in volta richiesto a FABI Genova, alle categorie di soggetti che eseguono o erogano i servizi e le convenzioni di seguito indicati, nominandoli, se necessario, Responsabili del Trattamento da parte di FABI Genova per i compiti di natura tecnica od organizzativa strumentali alla fornitura:<br \/>\n1) servizi e convenzioni sindacali, bancari, finanziari, legali, assicurativi, fiscali, immobiliari, di sorveglianza, tecnici, informatici, hosting provider;<br \/>\n2) acquisizione, registrazione e trattamenti di dati ricavabili da documenti e supporti forniti o originati da iscritti o richiedenti servizi e convenzioni;<br \/>\n3) attivit\u00e0 di trasmissione, imbustamento, trasporto e smistamento delle comunicazioni agli iscritti o richiedenti servizi e convenzioni;<br \/>\n4) attivit\u00e0 di archiviazione della documentazione relativa ai rapporti intercorsi con gli iscritti o richiedenti servizi e convenzioni;<br \/>\n5) rilevazione dei rischi di sicurezza;<br \/>\n6) esecuzione e erogazione di forniture, servizi e convenzioni diversi;<br \/>\nUn eventuale tuo rifiuto di fornire i dati personali o la tua opposizione alle comunicazioni dei dati di cui ai precedenti punti a) e b), determiner\u00e0 per FABI Genova ,suo malgrado, l\u2019impossibilit\u00e0 di dar corso alle operazioni richieste che presuppongano questi dati e la loro comunicazione (quali ad esempio l\u2019iscrizione e\/o la registrazione o il perfezionamento dei servizi o delle convenzioni).<br \/>\nResta salvo il diritto di comunicazione a soggetti terzi qualora tu abbia dato il consenso specifico e facoltativo.<\/p>\n<p>Trasferimento di dati all&#8217;estero<br \/>\nI tuoi dati personali saranno trattati da FABI Genova all&#8217;interno del territorio dell\u2019Unione Europea.<br \/>\nQualora per questioni di natura tecnica e\/o operativa si renda necessario avvalersi di soggetti ubicati al di fuori dell\u2019Unione Europea, oppure si renda necessario trasferire alcuni dei dati raccolti verso sistemi tecnici e servizi gestiti in cloud e localizzati al di fuori dell\u2019area dell\u2019Unione Europea, il trattamento sar\u00e0 regolato in conformit\u00e0 a quanto previsto dal capo V del GDPR e autorizzato in base a specifiche decisioni dell\u2019Unione Europea. Saranno quindi adottate tutte le cautele necessarie al fine di garantire la pi\u00f9 totale protezione dei dati personali basando tale trasferimento: a) su decisioni di adeguatezza dei paesi terzi destinatari espressi dalla Commissione Europea; b) su garanzie adeguate espresse dal soggetto terzo destinatario ai sensi dell\u2019art. 46 del Regolamento; c) sull\u2019adozione di norme vincolanti d\u2019impresa, cd. Corporate binding rules.<\/p>\n<p>Circolazione informazioni e dati personali nell\u2019ambito della FABI<br \/>\nNell&#8217;ambito delle attivit\u00e0 necessarie alla prestazione dei servizi, convenzioni e prodotti offerti da FABI Genova, i dati personali degli iscritti o dei richiedenti servizi, convenzioni e prodotti possono circolare tra strutture territoriali e nazionali della FABI stessa nei limiti di quanto necessario per l\u2019efficiente svolgimento delle attivit\u00e0 e per la corretta esecuzione o erogazione di servizi e convenzioni agli iscritti e ai richiedenti servizi e convenzioni.<br \/>\nI dati personali degli iscritti o dei richiedenti servizi e convenzioni possono essere oggetto di comunicazione ad altri Titolari del trattamento nell&#8217;ambito della FABI, sia in adempimento a obblighi di Legge, sia per esigenze gestionali della FABI nel suo insieme.<br \/>\nQueste comunicazioni ricadono nel legittimo interesse di FABI Genova individuabile negli elementi sopra indicati.<\/p>\n<p><strong>6. PERIODO DI CONSERVAZIONE DEI DATI<\/strong><\/p>\n<p>PER QUANTO TEMPO CONSERVIAMO QUESTI DATI?<\/p>\n<p>&nbsp;<\/p>\n<p>I dati personali acquisiti da FABI di Genova sono comunque conservati per i tempi necessari a rispettare gli obblighi di legge.<br \/>\nFABI Genova tratter\u00e0 i dati da te conferiti in una forma che consenta l\u2019identificazione degli interessati per il tempo necessario ad adempiere gli obblighi di legge, per tutta la durata dell\u2019iscrizione e della esecuzione dei servizi e delle convenzioni richiesti e per un arco di tempo non superiore alle finalit\u00e0 per le quali sono trattati; al riguardo Ti informiamo che per particolari tipologie di trattamento, FABI Genova prevede termini di conservazione differenti, comunque attuando misure tecniche e organizzative adeguate richieste dal GDPR a tutela dei diritti e delle libert\u00e0 dell\u2019interessato (\u00ablimitazione della conservazione\u00bb):<br \/>\na. Iscrizione a FABI Genova: 2 anni oltre a quello in corso dalla cessazione della iscrizione, salvo che l\u2019interessato non revochi prima di allora il proprio consenso alla conservazione<br \/>\nb. Richiesta di servizio o convenzione: 2 anni oltre a quello in corso dalla loro registrazione e dalla conclusione della prestazione del servizio o della convenzione, salvo che l\u2019interessato non revochi prima di allora il proprio consenso alla conservazione<br \/>\nc. Videosorveglianza: i dati cifrati relativi a immagini saranno conservati per un periodo non superiore a quattordici giorni<br \/>\nEventuali tempi di conservazione diversi Ti saranno comunicati in fase di sottoscrizione di moduli o contratti che li presuppongano.<\/p>\n<p>&nbsp;<\/p>\n<p><strong>7. DIRITTI DI CUI AGLI ARTT. 15, 16, 17, 18, 20 E 21 DEL REGOLAMENTO (UE) 679\/2016<\/strong><\/p>\n<p>Ti informiamo che gli articoli 15, 16, 17, 18, 20, 21 del Regolamento conferiscono agli interessati la possibilit\u00e0 di esercitare alcuni specifici diritti quali:<\/p>\n<p>a. Diritto di accesso<br \/>\nb. Diritto di rettifica<br \/>\nc. Diritto alla cancellazione (Diritto all&#8217;oblio)<br \/>\nd. Diritto di limitazione di trattamento<br \/>\ne. Diritto alla portabilit\u00e0 dei dati<br \/>\nf. Diritto di opposizione.<\/p>\n<p>In forza di tali disposizioni Tu puoi richiedere la conferma dell\u2019esistenza o meno di tuoi dati personali presso le banche dati presenti in FABI Genova e la loro comunicazione in forma intelligibile.<br \/>\nTu puoi inoltre chiedere:<br \/>\ni. di ottenere la conferma che sia o meno in corso un trattamento di dati personali che Ti riguardano e, in tal caso, l\u2019accesso ai dati personali e alle seguenti informazioni: le finalit\u00e0, le categorie di dati su cui si basa il trattamento e i destinatari (o le categorie di destinatari) a cui i dati personali sono stati o saranno comunicati, nonch\u00e9, quando possibile, il periodo di conservazione dei dati o i criteri utilizzati per determinare tale periodo<br \/>\nii. di ottenere, al termine dell\u2019attivit\u00e0 di trattamento o in caso di violazione di legge, la cancellazione o la trasformazione in forma anonima e il blocco dei dati trattati, nonch\u00e9 l\u2019aggiornamento, la rettificazione o, se vi \u00e8 interesse, l\u2019integrazione dei dati<br \/>\niii. di limitare il trattamento dei dati, qualora i dati non siano esatti o il trattamento sia illecito<br \/>\niv. di ricevere in un formato strutturato di uso comune e leggibile da un dispositivo automatico i dati personali che Ti riguardano forniti a FABI Genova e di trasmettere i Tuoi dati a un altro titolare del trattamento, solo se tale trattamento \u00e8 effettuato sulla base del consenso da Te fornito e con mezzi automatizzati<br \/>\nv. di opporti, per motivi legittimi, al trattamento stesso<br \/>\nvi. di proporre reclamo all\u2019autorit\u00e0 di controllo<br \/>\nvii. qualora i dati non siano raccolti presso di Te, tutte le informazioni disponibili sulla loro origine<br \/>\nviii. di conoscere l\u2019esistenza di un processo decisionale automatizzato, compresa la profilazione di cui all\u2019art. 22 del Regolamento, e almeno nei casi previsti da tale articolo, le informazioni significative sulla logica utilizzata nonch\u00e9 l\u2019importanza e le conseguenze previste di tale trattamento per l\u2019interessato.<br \/>\nPer tutti i casi in cui il trattamento trovi base giuridica esclusiva nel consenso dell\u2019interessato, questi ha sempre la facolt\u00e0 di revocare il consenso in qualsiasi momento. In particolare per il trattamento per finalit\u00e0 di marketing diretto, Tu potrai revocare il consenso eventualmente prestato anche solo con riferimento a modalit\u00e0 di contatto automatizzate, mantenendo, ove lo desideri, il consenso per modalit\u00e0 di contatto attraverso posta cartacea o chiamate telefoniche.<br \/>\nL\u2019esercizio di questi diritti pu\u00f2 essere esercitato mediante comunicazione al Titolare del Trattamento\/Data Protection Officer i cui recapiti sono indicati nell&#8217;apposita sezione di questa informativa.<br \/>\nInoltre tu hai sempre il diritto di proporre reclamo all&#8217;Autorit\u00e0 Garante per la Protezione dei dati Personali, contattabile all&#8217;indirizzo garante@gpdp.it o mediante il sito http:\/\/www.gpdp.it.<\/p>\n<p>&nbsp;<\/p>\n<p><strong>8. DATI DI CONTATTO<\/strong><\/p>\n<p>COME CONTATTARCI?<\/p>\n<p>Per qualsiasi occorrenza, Tu potrai rivolgerti direttamente al Responsabile per la Protezione dei dati e-mail: dpo@fabigenova.it. e\/o al Titolare del trattamento dei dati e-mail: privacy@fabigenova.it.<\/p>\n","protected":false},"excerpt":{"rendered":"<p>INFORMATIVA PRIVACY E COOKIE POLICY SITO WEB FABI GENOVA AI SENSI DEL D.LGS. n.101\/2018, DEL\u2026<\/p>\n<p> <a class=\"continue-reading-link\" href=\"https:\/\/ar.fabigenova.it\/wp\/?page_id=722\"><span>Continua a leggere<\/span><i class=\"crycon-right-dir\"><\/i><\/a> <\/p>\n","protected":false},"author":2,"featured_media":0,"parent":0,"menu_order":12,"comment_status":"closed","ping_status":"closed","template":"","meta":{"ngg_post_thumbnail":0},"_links":{"self":[{"href":"https:\/\/ar.fabigenova.it\/wp\/index.php?rest_route=\/wp\/v2\/pages\/722"}],"collection":[{"href":"https:\/\/ar.fabigenova.it\/wp\/index.php?rest_route=\/wp\/v2\/pages"}],"about":[{"href":"https:\/\/ar.fabigenova.it\/wp\/index.php?rest_route=\/wp\/v2\/types\/page"}],"author":[{"embeddable":true,"href":"https:\/\/ar.fabigenova.it\/wp\/index.php?rest_route=\/wp\/v2\/users\/2"}],"replies":[{"embeddable":true,"href":"https:\/\/ar.fabigenova.it\/wp\/index.php?rest_route=%2Fwp%2Fv2%2Fcomments&post=722"}],"version-history":[{"count":5,"href":"https:\/\/ar.fabigenova.it\/wp\/index.php?rest_route=\/wp\/v2\/pages\/722\/revisions"}],"predecessor-version":[{"id":738,"href":"https:\/\/ar.fabigenova.it\/wp\/index.php?rest_route=\/wp\/v2\/pages\/722\/revisions\/738"}],"wp:attachment":[{"href":"https:\/\/ar.fabigenova.it\/wp\/index.php?rest_route=%2Fwp%2Fv2%2Fmedia&parent=722"}],"curies":[{"name":"wp","href":"https:\/\/api.w.org\/{rel}","templated":true}]}}